{"id":5614,"date":"2025-07-05T19:18:30","date_gmt":"2025-07-05T19:18:30","guid":{"rendered":"https:\/\/www.detus.co\/?page_id=5614"},"modified":"2025-07-05T19:18:44","modified_gmt":"2025-07-05T19:18:44","slug":"politica-de-cookies","status":"publish","type":"page","link":"https:\/\/www.detus.co\/pt\/politica-de-cookies\/","title":{"rendered":"Pol\u00edtica de cookies"},"content":{"rendered":"<div data-elementor-type=\"wp-page\" data-elementor-id=\"5614\" class=\"elementor elementor-5614\" data-elementor-post-type=\"page\">\n\t\t\t\t<div class=\"elementor-element elementor-element-79ab558 e-flex e-con-boxed qodef-elementor-content-no e-con e-parent\" data-id=\"79ab558\" data-element_type=\"container\" data-e-type=\"container\">\n\t\t\t\t\t<div class=\"e-con-inner\">\n\t\t\t\t<div class=\"elementor-element elementor-element-826d946 elementor-widget elementor-widget-text-editor\" data-id=\"826d946\" data-element_type=\"widget\" data-e-type=\"widget\" data-widget_type=\"text-editor.default\">\n\t\t\t\t\t\t\t\t\t<h1 class=\"text-2xl font-bold mt-1 text-text-100\">Pol\u00edtica de cookies<\/h1><p class=\"whitespace-pre-wrap break-words\"><strong>Detusware<\/strong>\u00a0utiliza cookies no seu s\u00edtio Web para melhorar a experi\u00eancia do utilizador e otimizar os nossos servi\u00e7os. Esta pol\u00edtica de cookies explica o que s\u00e3o cookies, como os utilizamos e as escolhas que os utilizadores podem fazer relativamente \u00e0 sua utiliza\u00e7\u00e3o.<\/p><h2 class=\"text-xl font-bold text-text-100 mt-1 -mb-0.5\">O QUE S\u00c3O BOLACHAS?<\/h2><p class=\"whitespace-pre-wrap break-words\">Os cookies s\u00e3o pequenos ficheiros de texto armazenados no dispositivo do utilizador (computador, tablet ou telem\u00f3vel) quando visita um s\u00edtio Web. Estes ficheiros permitem que o s\u00edtio se lembre das suas ac\u00e7\u00f5es e prefer\u00eancias (como o idioma, o tamanho do tipo de letra e outras prefer\u00eancias de visualiza\u00e7\u00e3o) durante um determinado per\u00edodo de tempo, para que n\u00e3o tenha de as introduzir sempre que regressa ao s\u00edtio ou navega entre p\u00e1ginas.<\/p><h2 class=\"text-xl font-bold text-text-100 mt-1 -mb-0.5\">TIPOS DE COOKIES UTILIZADOS<\/h2><p class=\"whitespace-pre-wrap break-words\"><strong>Detusware<\/strong>\u00a0utiliza os seguintes tipos de cookies:<\/p><p class=\"whitespace-pre-wrap break-words\"><strong>Biscoitos essenciais<\/strong>\u00a0Estes cookies s\u00e3o necess\u00e1rios para o funcionamento do s\u00edtio e n\u00e3o podem ser desactivados nos nossos sistemas. S\u00e3o geralmente definidos em resposta a ac\u00e7\u00f5es realizadas pelo utilizador, como a defini\u00e7\u00e3o de prefer\u00eancias de privacidade, o in\u00edcio de sess\u00e3o ou o preenchimento de formul\u00e1rios.<\/p><p class=\"whitespace-pre-wrap break-words\"><strong>Cookies de desempenho<\/strong>\u00a0Estes cookies permitem-nos contar as visitas e as fontes de tr\u00e1fego para podermos medir e melhorar o desempenho do nosso s\u00edtio. Ajudam-nos a saber quais s\u00e3o as p\u00e1ginas mais populares e a ver como os utilizadores navegam no s\u00edtio. Todas as informa\u00e7\u00f5es recolhidas por estes cookies s\u00e3o agregadas e, por conseguinte, an\u00f3nimas.<\/p><p class=\"whitespace-pre-wrap break-words\"><strong>Cookies de funcionalidade<\/strong>\u00a0Estes cookies permitem que o s\u00edtio Web forne\u00e7a uma funcionalidade e personaliza\u00e7\u00e3o melhoradas, tal como recordar as prefer\u00eancias do utilizador. Podem ser definidos por n\u00f3s ou por terceiros cujos servi\u00e7os tenham sido adicionados ao s\u00edtio.<\/p><p class=\"whitespace-pre-wrap break-words\"><strong>Cookies de publicidade<\/strong>\u00a0Estes cookies podem ser instalados no nosso s\u00edtio pelos nossos parceiros publicit\u00e1rios. Podem ser utilizados por estas empresas para criar um perfil dos seus interesses e mostrar-lhe an\u00fancios relevantes noutros s\u00edtios. N\u00e3o armazenam diretamente informa\u00e7\u00f5es pessoais, mas baseiam-se na identifica\u00e7\u00e3o \u00fanica do seu navegador e dispositivo de Internet.<\/p><h2 class=\"text-xl font-bold text-text-100 mt-1 -mb-0.5\">GEST\u00c3O DE COOKIES<\/h2><p class=\"whitespace-pre-wrap break-words\">O utilizador pode, a qualquer momento, configurar as suas prefer\u00eancias de cookies, ajustando as defini\u00e7\u00f5es do seu browser para recusar cookies ou elimin\u00e1-los. No entanto, ao desativar determinados cookies, algumas funcionalidades do site podem ser afectadas, comprometendo a experi\u00eancia de navega\u00e7\u00e3o.<\/p><h2 class=\"text-xl font-bold text-text-100 mt-1 -mb-0.5\">ALTERA\u00c7\u00d5ES \u00c0 POL\u00cdTICA DE COOKIES<\/h2><p class=\"whitespace-pre-wrap break-words\"><strong>Detusware<\/strong>\u00a0reserva-se o direito de alterar esta pol\u00edtica de cookies em qualquer altura. Quaisquer altera\u00e7\u00f5es ser\u00e3o publicadas nesta p\u00e1gina, pelo que \u00e9 aconselh\u00e1vel consult\u00e1-la regularmente para se manter a par das actualiza\u00e7\u00f5es.<\/p><h2 class=\"text-xl font-bold text-text-100 mt-1 -mb-0.5\">CONTACTO<\/h2><p class=\"whitespace-pre-wrap break-words\">Para mais informa\u00e7\u00f5es sobre a nossa pol\u00edtica de cookies ou para exercer os seus direitos relacionados com os seus dados pessoais, pode contactar-nos por correio eletr\u00f3nico:\u00a0<strong><a class=\"underline\" href=\"mailto:info@detus.co\">info@detus.co<\/a><\/strong>.<\/p>\t\t\t\t\t\t\t\t<\/div>\n\t\t\t\t\t<\/div>\n\t\t\t\t<\/div>\n\t\t\t\t<\/div>","protected":false},"excerpt":{"rendered":"<p>Cookie Policy Detusware\u00a0uses cookies on its website to improve user experience and optimize our services. This cookie policy explains what cookies are, how we use them, and the choices users can make regarding their use. WHAT ARE COOKIES? Cookies are small text files stored on the user\u2019s device (computer, tablet, or mobile phone) when visiting [&hellip;]<\/p>\n","protected":false},"author":2,"featured_media":0,"parent":0,"menu_order":0,"comment_status":"closed","ping_status":"closed","template":"elementor_header_footer","meta":{"content-type":"","footnotes":""},"class_list":["post-5614","page","type-page","status-publish","hentry"],"_links":{"self":[{"href":"https:\/\/www.detus.co\/pt\/wp-json\/wp\/v2\/pages\/5614","targetHints":{"allow":["GET"]}}],"collection":[{"href":"https:\/\/www.detus.co\/pt\/wp-json\/wp\/v2\/pages"}],"about":[{"href":"https:\/\/www.detus.co\/pt\/wp-json\/wp\/v2\/types\/page"}],"author":[{"embeddable":true,"href":"https:\/\/www.detus.co\/pt\/wp-json\/wp\/v2\/users\/2"}],"replies":[{"embeddable":true,"href":"https:\/\/www.detus.co\/pt\/wp-json\/wp\/v2\/comments?post=5614"}],"version-history":[{"count":0,"href":"https:\/\/www.detus.co\/pt\/wp-json\/wp\/v2\/pages\/5614\/revisions"}],"wp:attachment":[{"href":"https:\/\/www.detus.co\/pt\/wp-json\/wp\/v2\/media?parent=5614"}],"curies":[{"name":"wp","href":"https:\/\/api.w.org\/{rel}","templated":true}]}}