{"id":2174,"date":"2020-02-18T15:10:23","date_gmt":"2020-02-18T15:10:23","guid":{"rendered":"https:\/\/stal.qodeinteractive.com\/?page_id=2174"},"modified":"2020-02-18T15:10:23","modified_gmt":"2020-02-18T15:10:23","slug":"sobre-mim","status":"publish","type":"page","link":"https:\/\/www.detus.co\/pt\/sobre-mim\/","title":{"rendered":"Sobre mim"},"content":{"rendered":"<div data-elementor-type=\"wp-page\" data-elementor-id=\"2174\" class=\"elementor elementor-2174\" data-elementor-post-type=\"page\">\n\t\t\t\t\t\t<section class=\"elementor-section elementor-top-section elementor-element elementor-element-3545c85 qodef-elementor-content-grid elementor-section-boxed elementor-section-height-default elementor-section-height-default\" data-id=\"3545c85\" data-element_type=\"section\" data-e-type=\"section\">\n\t\t\t\t\t\t<div class=\"elementor-container elementor-column-gap-default\">\n\t\t\t\t\t<div class=\"elementor-column elementor-col-50 elementor-top-column elementor-element elementor-element-32e705b\" data-id=\"32e705b\" data-element_type=\"column\" data-e-type=\"column\">\n\t\t\t<div class=\"elementor-widget-wrap elementor-element-populated\">\n\t\t\t\t\t\t<div class=\"elementor-element elementor-element-a956883 elementor-widget elementor-widget-stal_core_section_title\" data-id=\"a956883\" data-element_type=\"widget\" data-e-type=\"widget\" data-widget_type=\"stal_core_section_title.default\">\n\t\t\t\t<div class=\"elementor-widget-container\">\n\t\t\t\t\t<div class=\"qodef-shortcode qodef-m qodef-section-title qodef-alignment--left\">\n\t\t<div class=\"qodef-m-title-wrap\">\n\t\t<h3 class=\"qodef-m-title\" >\n\t\t\t\t\tAntecedentes e realiza\u00e7\u00f5es que me trouxeram at\u00e9 aqui.\t\t\t<\/h3>\n\t\n\t<\/div>\n\t\t<p class=\"qodef-m-text\" style=\"margin-top: 35px\">Lorem ipsum dolor sit amet, consectetur adipiscing elit. Suspendisse id quam tortor. Aenean et quam non nunc mattis. In maximus viverra aliquam. Cras suscipit mi vel finibus sollicitudin. Maecenas convallis sem vel massa consequat tristique. Pellentesque habitant morbi tristique senectus et netus et malesuada fames ac turpis egestas. Vivamus sit amet turpis eu nulla imperdiet scelerisque ac vel augue. Pellentesque luctus.<\/p>\n<\/div>\t\t\t\t<\/div>\n\t\t\t\t<\/div>\n\t\t\t\t\t<\/div>\n\t\t<\/div>\n\t\t\t\t<div class=\"elementor-column elementor-col-50 elementor-top-column elementor-element elementor-element-47ca105\" data-id=\"47ca105\" data-element_type=\"column\" data-e-type=\"column\">\n\t\t\t<div class=\"elementor-widget-wrap elementor-element-populated\">\n\t\t\t\t\t\t<div class=\"elementor-element elementor-element-b633a97 elementor-widget elementor-widget-text-editor\" data-id=\"b633a97\" data-element_type=\"widget\" data-e-type=\"widget\" data-widget_type=\"text-editor.default\">\n\t\t\t\t\t\t\t\t\t<p>Dolor sit amet, consectetur adipiscing elit. Ut elit tellus, luctus nec ullamcorper mattis, pulvinar dapibus leo. Pellentesque habitant morbi tristique senectus et netus et malesuada fames ac turpis egestas. Suspendisse ut justo erat. Morbi tempor dui et diam sollicitudin, ac vehicula justo.<\/p>\t\t\t\t\t\t\t\t<\/div>\n\t\t\t\t\t<\/div>\n\t\t<\/div>\n\t\t\t\t\t<\/div>\n\t\t<\/section>\n\t\t\t\t<section class=\"elementor-section elementor-top-section elementor-element elementor-element-d532ccc qodef-elementor-content-grid elementor-section-boxed elementor-section-height-default elementor-section-height-default\" data-id=\"d532ccc\" data-element_type=\"section\" data-e-type=\"section\">\n\t\t\t\t\t\t<div class=\"elementor-container elementor-column-gap-default\">\n\t\t\t\t\t<div class=\"elementor-column elementor-col-100 elementor-top-column elementor-element elementor-element-f94dc30\" data-id=\"f94dc30\" data-element_type=\"column\" data-e-type=\"column\">\n\t\t\t<div class=\"elementor-widget-wrap elementor-element-populated\">\n\t\t\t\t\t\t<div class=\"elementor-element elementor-element-fcfc888 elementor-widget elementor-widget-stal_core_section_title\" data-id=\"fcfc888\" data-element_type=\"widget\" data-e-type=\"widget\" data-widget_type=\"stal_core_section_title.default\">\n\t\t\t\t<div class=\"elementor-widget-container\">\n\t\t\t\t\t<div class=\"qodef-shortcode qodef-m qodef-section-title qodef-alignment--left\">\n\t\t<div class=\"qodef-m-title-wrap\">\n\t\t<h3 class=\"qodef-m-title\" >\n\t\t\t\t\tCoisas em que sou bom\t\t\t<\/h3>\n\t\n\t<\/div>\n\t<\/div>\t\t\t\t<\/div>\n\t\t\t\t<\/div>\n\t\t\t\t\t<\/div>\n\t\t<\/div>\n\t\t\t\t\t<\/div>\n\t\t<\/section>\n\t\t\t\t<section class=\"elementor-section elementor-top-section elementor-element elementor-element-ed8a507 qodef-elementor-content-grid elementor-section-boxed elementor-section-height-default elementor-section-height-default\" data-id=\"ed8a507\" data-element_type=\"section\" data-e-type=\"section\">\n\t\t\t\t\t\t<div class=\"elementor-container elementor-column-gap-default\">\n\t\t\t\t\t<div class=\"elementor-column elementor-col-25 elementor-top-column elementor-element elementor-element-f3179b0\" data-id=\"f3179b0\" data-element_type=\"column\" data-e-type=\"column\">\n\t\t\t<div class=\"elementor-widget-wrap elementor-element-populated\">\n\t\t\t\t\t\t<div class=\"elementor-element elementor-element-d9bea8f elementor-widget elementor-widget-stal_core_icon_with_text\" data-id=\"d9bea8f\" data-element_type=\"widget\" data-e-type=\"widget\" data-widget_type=\"stal_core_icon_with_text.default\">\n\t\t\t\t<div class=\"elementor-widget-container\">\n\t\t\t\t\t<div class=\"qodef-shortcode qodef-m qodef-icon-with-text qodef-layout--top qodef--custom-icon qodef-alignment--left\" >\n\t<div class=\"qodef-m-icon-wrapper\">\n\t\t\t\t\t<img decoding=\"async\" width=\"81\" height=\"77\" src=\"https:\/\/www.detus.co\/wp-content\/uploads\/2020\/01\/h1-icon-1.png\" class=\"attachment-full size-full\" alt=\"m\" \/>\t\t<\/div>\n\t<div class=\"qodef-m-content\">\n\t\t\t<h4 class=\"qodef-m-title\" >\n\t\t\t\t\t<span class=\"qodef-m-title-text\">Carregamento el\u00e9trico<\/span>\n\t\t\t<\/h4>\n\t\t\t<p class=\"qodef-m-text\" >Lorem ipsum dolor sit amet, consectetur adipiscing elit. <\/p>\n\t<\/div>\n<\/div>\t\t\t\t<\/div>\n\t\t\t\t<\/div>\n\t\t\t\t\t<\/div>\n\t\t<\/div>\n\t\t\t\t<div class=\"elementor-column elementor-col-25 elementor-top-column elementor-element elementor-element-c18a37f\" data-id=\"c18a37f\" data-element_type=\"column\" data-e-type=\"column\">\n\t\t\t<div class=\"elementor-widget-wrap elementor-element-populated\">\n\t\t\t\t\t\t<div class=\"elementor-element elementor-element-e069b4d elementor-widget elementor-widget-stal_core_icon_with_text\" data-id=\"e069b4d\" data-element_type=\"widget\" data-e-type=\"widget\" data-widget_type=\"stal_core_icon_with_text.default\">\n\t\t\t\t<div class=\"elementor-widget-container\">\n\t\t\t\t\t<div class=\"qodef-shortcode qodef-m qodef-icon-with-text qodef-layout--top qodef--custom-icon qodef-alignment--left\" >\n\t<div class=\"qodef-m-icon-wrapper\">\n\t\t\t\t\t<img decoding=\"async\" width=\"81\" height=\"77\" src=\"https:\/\/www.detus.co\/wp-content\/uploads\/2020\/01\/h1-icon-2.png\" class=\"attachment-full size-full\" alt=\"m\" \/>\t\t<\/div>\n\t<div class=\"qodef-m-content\">\n\t\t\t<h4 class=\"qodef-m-title\" >\n\t\t\t\t\t<span class=\"qodef-m-title-text\">Abastecimento de \u00e1gua<\/span>\n\t\t\t<\/h4>\n\t\t\t<p class=\"qodef-m-text\" >Lorem ipsum dolor sit amet, consectetur adipiscing elit. <\/p>\n\t<\/div>\n<\/div>\t\t\t\t<\/div>\n\t\t\t\t<\/div>\n\t\t\t\t\t<\/div>\n\t\t<\/div>\n\t\t\t\t<div class=\"elementor-column elementor-col-25 elementor-top-column elementor-element elementor-element-4e3c831\" data-id=\"4e3c831\" data-element_type=\"column\" data-e-type=\"column\">\n\t\t\t<div class=\"elementor-widget-wrap elementor-element-populated\">\n\t\t\t\t\t\t<div class=\"elementor-element elementor-element-f8cf1f0 elementor-widget elementor-widget-stal_core_icon_with_text\" data-id=\"f8cf1f0\" data-element_type=\"widget\" data-e-type=\"widget\" data-widget_type=\"stal_core_icon_with_text.default\">\n\t\t\t\t<div class=\"elementor-widget-container\">\n\t\t\t\t\t<div class=\"qodef-shortcode qodef-m qodef-icon-with-text qodef-layout--top qodef--custom-icon qodef-alignment--left\" >\n\t<div class=\"qodef-m-icon-wrapper\">\n\t\t\t\t\t<img decoding=\"async\" width=\"81\" height=\"77\" src=\"https:\/\/www.detus.co\/wp-content\/uploads\/2020\/01\/h1-icon-3.png\" class=\"attachment-full size-full\" alt=\"m\" \/>\t\t<\/div>\n\t<div class=\"qodef-m-content\">\n\t\t\t<h4 class=\"qodef-m-title\" >\n\t\t\t\t\t<span class=\"qodef-m-title-text\">O nosso processo<\/span>\n\t\t\t<\/h4>\n\t\t\t<p class=\"qodef-m-text\" >Lorem ipsum dolor sit amet, consectetur adipiscing elit.<\/p>\n\t<\/div>\n<\/div>\t\t\t\t<\/div>\n\t\t\t\t<\/div>\n\t\t\t\t\t<\/div>\n\t\t<\/div>\n\t\t\t\t<div class=\"elementor-column elementor-col-25 elementor-top-column elementor-element elementor-element-e25ef30\" data-id=\"e25ef30\" data-element_type=\"column\" data-e-type=\"column\" data-settings=\"{&quot;background_background&quot;:&quot;classic&quot;}\">\n\t\t\t<div class=\"elementor-widget-wrap elementor-element-populated\">\n\t\t\t\t\t\t<div class=\"elementor-element elementor-element-d2ecb9d elementor-widget elementor-widget-stal_core_icon_with_text\" data-id=\"d2ecb9d\" data-element_type=\"widget\" data-e-type=\"widget\" data-widget_type=\"stal_core_icon_with_text.default\">\n\t\t\t\t<div class=\"elementor-widget-container\">\n\t\t\t\t\t<div class=\"qodef-shortcode qodef-m qodef-icon-with-text qodef-layout--top qodef--custom-icon qodef-alignment--left\" >\n\t<div class=\"qodef-m-icon-wrapper\">\n\t\t\t\t\t<img loading=\"lazy\" decoding=\"async\" width=\"81\" height=\"77\" src=\"https:\/\/www.detus.co\/wp-content\/uploads\/2020\/01\/h1-icon-4.png\" class=\"attachment-full size-full\" alt=\"m\" \/>\t\t<\/div>\n\t<div class=\"qodef-m-content\">\n\t\t\t<h4 class=\"qodef-m-title\" >\n\t\t\t\t\t<span class=\"qodef-m-title-text\">Controlo total<\/span>\n\t\t\t<\/h4>\n\t\t\t<p class=\"qodef-m-text\" >Lorem ipsum dolor sit amet, consectetur adipiscing elit.<\/p>\n\t<\/div>\n<\/div>\t\t\t\t<\/div>\n\t\t\t\t<\/div>\n\t\t\t\t\t<\/div>\n\t\t<\/div>\n\t\t\t\t\t<\/div>\n\t\t<\/section>\n\t\t\t\t<section class=\"elementor-section elementor-top-section elementor-element elementor-element-8b4c9f5 elementor-section-full_width elementor-section-height-default elementor-section-height-default qodef-elementor-content-no\" data-id=\"8b4c9f5\" data-element_type=\"section\" data-e-type=\"section\">\n\t\t\t\t\t\t<div class=\"elementor-container elementor-column-gap-default\">\n\t\t\t\t\t<div class=\"elementor-column elementor-col-100 elementor-top-column elementor-element elementor-element-db078f1\" data-id=\"db078f1\" data-element_type=\"column\" data-e-type=\"column\">\n\t\t\t<div class=\"elementor-widget-wrap elementor-element-populated\">\n\t\t\t\t\t\t<div class=\"elementor-element elementor-element-e9db131 elementor-widget elementor-widget-stal_core_video_button\" data-id=\"e9db131\" data-element_type=\"widget\" data-e-type=\"widget\" data-widget_type=\"stal_core_video_button.default\">\n\t\t\t\t<div class=\"elementor-widget-container\">\n\t\t\t\t\t<div class=\"qodef-shortcode qodef-m qodef-video-button qodef-vb-has-img\">\n\t<div class=\"qodef-m-image\">\n\t<img loading=\"lazy\" decoding=\"async\" width=\"2560\" height=\"800\" src=\"https:\/\/www.detus.co\/wp-content\/uploads\/2020\/02\/about-me-video-img.jpg\" class=\"attachment-full size-full\" alt=\"m\" srcset=\"https:\/\/www.detus.co\/wp-content\/uploads\/2020\/02\/about-me-video-img.jpg 2560w, https:\/\/www.detus.co\/wp-content\/uploads\/2020\/02\/about-me-video-img-300x94.jpg 300w, https:\/\/www.detus.co\/wp-content\/uploads\/2020\/02\/about-me-video-img-1024x320.jpg 1024w, https:\/\/www.detus.co\/wp-content\/uploads\/2020\/02\/about-me-video-img-768x240.jpg 768w, https:\/\/www.detus.co\/wp-content\/uploads\/2020\/02\/about-me-video-img-1536x480.jpg 1536w, https:\/\/www.detus.co\/wp-content\/uploads\/2020\/02\/about-me-video-img-2048x640.jpg 2048w\" sizes=\"(max-width: 2560px) 100vw, 2560px\" \/><\/div>\t\t<a itemprop=\"url\" class=\"qodef-m-play qodef-magnific-popup qodef-popup-item\" href=\"#\" data-type=\"iframe\">\n\t\t<span class=\"qodef-m-play-inner\" style=\"height: 60px;width: 60px\">\n            <svg xmlns=\"http:\/\/www.w3.org\/2000\/svg\" xmlns:xlink=\"http:\/\/www.w3.org\/1999\/xlink\" class=\"qodef-play-button-svg-icon\" x=\"0px\" y=\"0px\" width=\"100%\" height=\"100%\" viewbox=\"0 0 60 60\" xml:space=\"preserve\">\n                            <g><path fill=\"#FFFFFF\" d=\"M24.8,15.5L39.3,30L24.8,44.5V15.5z\"\/><\/g>\n                        <\/svg>\t\t<\/span>\n\t<\/a>\n\n\n<\/div>\t\t\t\t<\/div>\n\t\t\t\t<\/div>\n\t\t\t\t\t<\/div>\n\t\t<\/div>\n\t\t\t\t\t<\/div>\n\t\t<\/section>\n\t\t\t\t<section class=\"elementor-section elementor-top-section elementor-element elementor-element-b25962d qodef-elementor-content-grid elementor-section-boxed elementor-section-height-default elementor-section-height-default\" data-id=\"b25962d\" data-element_type=\"section\" data-e-type=\"section\">\n\t\t\t\t\t\t<div class=\"elementor-container elementor-column-gap-default\">\n\t\t\t\t\t<div class=\"elementor-column elementor-col-50 elementor-top-column elementor-element elementor-element-89fcfdf\" data-id=\"89fcfdf\" data-element_type=\"column\" data-e-type=\"column\">\n\t\t\t<div class=\"elementor-widget-wrap elementor-element-populated\">\n\t\t\t\t\t\t<div class=\"elementor-element elementor-element-b3853ea elementor-widget elementor-widget-stal_core_section_title\" data-id=\"b3853ea\" data-element_type=\"widget\" data-e-type=\"widget\" data-widget_type=\"stal_core_section_title.default\">\n\t\t\t\t<div class=\"elementor-widget-container\">\n\t\t\t\t\t<div class=\"qodef-shortcode qodef-m qodef-section-title qodef-alignment--left\">\n\t\t<div class=\"qodef-m-title-wrap\">\n\t\t<h3 class=\"qodef-m-title\" >\n\t\t\t\t\tSe estiver interessado num projeto ou apenas precisar de uma resposta a uma pergunta\t\t\t<\/h3>\n\t\n\t<\/div>\n\t\t<p class=\"qodef-m-text\" >Lorem ipsum dolor sit amet, consectetur adipiscing elit. Pellentesque auctor leo arcu, ut dapibus mauris. Aenean at magna vel ipsum pretium fringilla. Nulla non orci laoreet, aliquam velit ac, faucibus magna. Nullam consequat pellentesque vulputate. Praesent pellentesque arcu eu pellentesque egestas.<\/p>\n<\/div>\t\t\t\t<\/div>\n\t\t\t\t<\/div>\n\t\t\t\t<section class=\"elementor-section elementor-inner-section elementor-element elementor-element-e10ffc3 elementor-section-boxed elementor-section-height-default elementor-section-height-default qodef-elementor-content-no\" data-id=\"e10ffc3\" data-element_type=\"section\" data-e-type=\"section\">\n\t\t\t\t\t\t<div class=\"elementor-container elementor-column-gap-default\">\n\t\t\t\t\t<div class=\"elementor-column elementor-col-50 elementor-inner-column elementor-element elementor-element-ddc4b2f\" data-id=\"ddc4b2f\" data-element_type=\"column\" data-e-type=\"column\">\n\t\t\t<div class=\"elementor-widget-wrap elementor-element-populated\">\n\t\t\t\t\t\t<div class=\"elementor-element elementor-element-07f3d78 elementor-widget elementor-widget-stal_core_icon_list_item\" data-id=\"07f3d78\" data-element_type=\"widget\" data-e-type=\"widget\" data-widget_type=\"stal_core_icon_list_item.default\">\n\t\t\t\t<div class=\"elementor-widget-container\">\n\t\t\t\t\t<div class=\"qodef-icon-list-item qodef-icon--icon-pack qodef-alignment--top\" >\n\t<p class=\"qodef-e-title\" style=\"line-height: 1.625em\">\n\t\t\t\t\t<a itemprop=\"url\" href=\"https:\/\/www.google.com\/maps\/place\/Uniqlo+Soho\/@40.7190772,-74.001693,16z\/data=!4m13!1m7!3m6!1s0x89c24fa5d33f083b:0xc80b8f06e177fe62!2sNew+York,+NY,+USA!3b1!8m2!3d40.7127753!4d-74.0059728!3m4!1s0x89c2598edb6242d3:0x4ae291a9ff31e800!8m2!3d40.7234983!4d-73.9982012\" target=\"_blank\" rel=\"noopener\">\n\t\t\t\t\t<span class=\"qodef-e-title-inner\">\n\t\t\t\t<span class=\"qodef-shortcode qodef-m qodef-icon-holder qodef-size--default qodef-layout--square\"  style=\"width: 26px;height: 26px;line-height: 26px\">\t        <span class=\"qodef-icon-ionicons ion-ios-add qodef-icon qodef-e\" style=\"\" ><\/span>    <\/span>\t\t\t\t<span class=\"qodef-e-title-text\" style=\"top: -5px;position: relative\">251 Purple Sunset Bogot\u00e1, BXY 92101<\/span>\n\t\t\t<\/span>\n\t\t\t\t\t<\/a>\n\t\t\t<\/p>\n<\/div>\t\t\t\t<\/div>\n\t\t\t\t<\/div>\n\t\t\t\t<div class=\"elementor-element elementor-element-b435883 elementor-widget elementor-widget-text-editor\" data-id=\"b435883\" data-element_type=\"widget\" data-e-type=\"widget\" data-widget_type=\"text-editor.default\">\n\t\t\t\t\t\t\t\t\t<p style=\"margin: 3px 0;\"><a class=\"qodef-gray-link\" href=\"tel:123123456789\">+ (123) 1234 \u2013 56789<\/a><\/p>\n<p style=\"margin: 3px 0;\"><a class=\"qodef-gray-link\" href=\"tel:123123456789\">+ (123) 1234 \u2013 56789<\/a><\/p>\t\t\t\t\t\t\t\t<\/div>\n\t\t\t\t<div class=\"elementor-element elementor-element-cf4a87a elementor-widget elementor-widget-text-editor\" data-id=\"cf4a87a\" data-element_type=\"widget\" data-e-type=\"widget\" data-widget_type=\"text-editor.default\">\n\t\t\t\t\t\t\t\t\t<p style=\"margin: 3px 0;\"><a class=\"qodef-gray-link\" href=\"mailto:stal@qodeinteractive.com\">stal@qodeinteractive.com<\/a><\/p>\n<p style=\"margin: 3px 0;\"><a class=\"qodef-gray-link\" href=\"mailto:stal@qodeinteractive.com\">stal@qodeinteractive.com<\/a><\/p>\t\t\t\t\t\t\t\t<\/div>\n\t\t\t\t\t<\/div>\n\t\t<\/div>\n\t\t\t\t<div class=\"elementor-column elementor-col-50 elementor-inner-column elementor-element elementor-element-9a79a1d\" data-id=\"9a79a1d\" data-element_type=\"column\" data-e-type=\"column\">\n\t\t\t<div class=\"elementor-widget-wrap elementor-element-populated\">\n\t\t\t\t\t\t<div class=\"elementor-element elementor-element-dbe3010 elementor-widget elementor-widget-stal_core_icon_list_item\" data-id=\"dbe3010\" data-element_type=\"widget\" data-e-type=\"widget\" data-widget_type=\"stal_core_icon_list_item.default\">\n\t\t\t\t<div class=\"elementor-widget-container\">\n\t\t\t\t\t<div class=\"qodef-icon-list-item qodef-icon--icon-pack qodef-alignment--top\" >\n\t<p class=\"qodef-e-title\" style=\"line-height: 1.625em\">\n\t\t\t\t\t<a itemprop=\"url\" href=\"https:\/\/www.google.com\/maps\/place\/Uniqlo+Soho\/@40.7190772,-74.001693,16z\/data=!4m13!1m7!3m6!1s0x89c24fa5d33f083b:0xc80b8f06e177fe62!2sNew+York,+NY,+USA!3b1!8m2!3d40.7127753!4d-74.0059728!3m4!1s0x89c2598edb6242d3:0x4ae291a9ff31e800!8m2!3d40.7234983!4d-73.9982012\" target=\"_blank\" rel=\"noopener\">\n\t\t\t\t\t<span class=\"qodef-e-title-inner\">\n\t\t\t\t<span class=\"qodef-shortcode qodef-m qodef-icon-holder qodef-size--default qodef-layout--square\"  style=\"width: 26px;height: 26px;line-height: 26px\">\t        <span class=\"qodef-icon-ionicons ion-ios-add qodef-icon qodef-e\" style=\"\" ><\/span>    <\/span>\t\t\t\t<span class=\"qodef-e-title-text\" style=\"top: -5px;position: relative\">251 Purple Sunset Bogot\u00e1, BXY 92101<\/span>\n\t\t\t<\/span>\n\t\t\t\t\t<\/a>\n\t\t\t<\/p>\n<\/div>\t\t\t\t<\/div>\n\t\t\t\t<\/div>\n\t\t\t\t<div class=\"elementor-element elementor-element-9cc9a7c elementor-widget elementor-widget-text-editor\" data-id=\"9cc9a7c\" data-element_type=\"widget\" data-e-type=\"widget\" data-widget_type=\"text-editor.default\">\n\t\t\t\t\t\t\t\t\t<p style=\"margin: 3px 0;\"><a class=\"qodef-gray-link\" href=\"tel:123123456789\">+ (123) 1234 \u2013 56789<\/a><\/p>\n<p style=\"margin: 3px 0;\"><a class=\"qodef-gray-link\" href=\"tel:123123456789\">+ (123) 1234 \u2013 56789<\/a><\/p>\t\t\t\t\t\t\t\t<\/div>\n\t\t\t\t<div class=\"elementor-element elementor-element-e0f9397 elementor-widget elementor-widget-text-editor\" data-id=\"e0f9397\" data-element_type=\"widget\" data-e-type=\"widget\" data-widget_type=\"text-editor.default\">\n\t\t\t\t\t\t\t\t\t<p style=\"margin: 3px 0;\"><a class=\"qodef-gray-link\" href=\"mailto:stal@qodeinteractive.com\">stal@qodeinteractive.com<\/a><\/p>\n<p style=\"margin: 3px 0;\"><a class=\"qodef-gray-link\" href=\"mailto:stal@qodeinteractive.com\">stal@qodeinteractive.com<\/a><\/p>\t\t\t\t\t\t\t\t<\/div>\n\t\t\t\t\t<\/div>\n\t\t<\/div>\n\t\t\t\t\t<\/div>\n\t\t<\/section>\n\t\t\t\t\t<\/div>\n\t\t<\/div>\n\t\t\t\t<div class=\"elementor-column elementor-col-50 elementor-top-column elementor-element elementor-element-6dad5d3\" data-id=\"6dad5d3\" data-element_type=\"column\" data-e-type=\"column\">\n\t\t\t<div class=\"elementor-widget-wrap elementor-element-populated\">\n\t\t\t\t\t\t<div class=\"elementor-element elementor-element-68d272f elementor-widget elementor-widget-stal_core_section_title\" data-id=\"68d272f\" data-element_type=\"widget\" data-e-type=\"widget\" data-widget_type=\"stal_core_section_title.default\">\n\t\t\t\t<div class=\"elementor-widget-container\">\n\t\t\t\t\t<div class=\"qodef-shortcode qodef-m qodef-section-title qodef-alignment--left\">\n\t\t<div class=\"qodef-m-title-wrap\">\n\t\t<h3 class=\"qodef-m-title\" >\n\t\t\t\t\tEntrar em contacto\t\t\t<\/h3>\n\t\n\t<\/div>\n\t\t<p class=\"qodef-m-text\" >Lorem ipsum dolor sit amet, consectetur adipiscing elit. In id eros est. Fusce sit amet tellus tortor. Sed consequat eros vitae laoreet sagittis.<\/p>\n<\/div>\t\t\t\t<\/div>\n\t\t\t\t<\/div>\n\t\t\t\t\t<\/div>\n\t\t<\/div>\n\t\t\t\t\t<\/div>\n\t\t<\/section>\n\t\t\t\t<\/div>","protected":false},"excerpt":{"rendered":"<p>Background and acomplishments that brought me here. Lorem ipsum dolor sit amet, consectetur adipiscing elit. Suspendisse id quam tortor. Aenean et quam non nunc mattis. In maximus viverra aliquam. Cras suscipit mi vel finibus sollicitudin. Maecenas convallis sem vel massa consequat tristique. Pellentesque habitant morbi tristique senectus et netus et malesuada fames ac turpis egestas. [&hellip;]<\/p>\n","protected":false},"author":2,"featured_media":0,"parent":0,"menu_order":0,"comment_status":"closed","ping_status":"closed","template":"page-full-width.php","meta":{"content-type":"","footnotes":""},"class_list":["post-2174","page","type-page","status-publish","hentry"],"_links":{"self":[{"href":"https:\/\/www.detus.co\/pt\/wp-json\/wp\/v2\/pages\/2174","targetHints":{"allow":["GET"]}}],"collection":[{"href":"https:\/\/www.detus.co\/pt\/wp-json\/wp\/v2\/pages"}],"about":[{"href":"https:\/\/www.detus.co\/pt\/wp-json\/wp\/v2\/types\/page"}],"author":[{"embeddable":true,"href":"https:\/\/www.detus.co\/pt\/wp-json\/wp\/v2\/users\/2"}],"replies":[{"embeddable":true,"href":"https:\/\/www.detus.co\/pt\/wp-json\/wp\/v2\/comments?post=2174"}],"version-history":[{"count":0,"href":"https:\/\/www.detus.co\/pt\/wp-json\/wp\/v2\/pages\/2174\/revisions"}],"wp:attachment":[{"href":"https:\/\/www.detus.co\/pt\/wp-json\/wp\/v2\/media?parent=2174"}],"curies":[{"name":"wp","href":"https:\/\/api.w.org\/{rel}","templated":true}]}}